{"id":61,"date":"2010-06-06T14:01:25","date_gmt":"2010-06-06T14:01:25","guid":{"rendered":"http:\/\/fsld.org\/portal\/?page_id=61"},"modified":"2010-12-21T18:27:19","modified_gmt":"2010-12-21T18:27:19","slug":"todo-sobre-software-libre-gpl","status":"publish","type":"page","link":"https:\/\/fsld.org\/portal\/?page_id=61","title":{"rendered":"Todo sobre Software Libre \/ GPL"},"content":{"rendered":"<h3>V\u00eddeos Explicativos: Que es el software libre?<\/h3>\n<p><object id=\"player\" classid=\"clsid:d27cdb6e-ae6d-11cf-96b8-444553540000\" width=\"415\" height=\"254\" codebase=\"http:\/\/download.macromedia.com\/pub\/shockwave\/cabs\/flash\/swflash.cab#version=6,0,40,0\"><param name=\"name\" value=\"player\" \/><param name=\"allowfullscreen\" value=\"true\" \/><param name=\"allowscriptaccess\" value=\"always\" \/><param name=\"flashvars\" value=\"repeat=list&amp;playlistfile=..\/videos\/playlist.xml&amp;image=preview.jpg&amp;autostart=true\" \/><param name=\"src\" value=\"..\/videos\/player.swf\" \/><embed id=\"player\" type=\"application\/x-shockwave-flash\" width=\"415\" height=\"254\" src=\"..\/videos\/player.swf\" flashvars=\"repeat=list&amp;playlistfile=..\/videos\/playlist.xml&amp;image=preview.jpg&amp;autostart=true\" allowscriptaccess=\"always\" allowfullscreen=\"true\" name=\"player\"><\/embed><\/object><br \/>\n<!-- END OF THE PLAYER EMBEDDING --><br \/>\nSoftware libre (o free software en ingles) no implica que un sistema es gratuito. Software Libre se refiere a la libertad de los usuarios para utilizar, copiar, distribuir, estudiar, adaptar y mejorar el software.<\/p>\n<p>De acuerdo con tal definici\u00f3n, un software es \u00ablibre\u00bb si garantiza las siguientes libertades:<\/p>\n<table>\n<tbody>\n<tr>\n<th>Libertad<\/th>\n<th>Descripci\u00f3n<\/th>\n<\/tr>\n<tr>\n<th>0<\/th>\n<td>la libertad de usar el programa, con cualquier prop\u00f3sito.<\/td>\n<\/tr>\n<tr>\n<th>1<\/th>\n<td>la libertad de estudiar c\u00f3mo funciona el programa y modificarlo, adapt\u00e1ndolo a tus necesidades.<\/td>\n<\/tr>\n<tr>\n<th>2<\/th>\n<td>la libertad de distribuir copias del programa, con lo cual puedes ayudar a tu pr\u00f3jimo.<\/td>\n<\/tr>\n<tr>\n<th>3<\/th>\n<td>la libertad de mejorar el programa y hacer p\u00fablicas esas mejoras a los dem\u00e1s, de modo que toda la comunidad se beneficie.<\/td>\n<\/tr>\n<tr>\n<th colspan=\"2\">Las libertades 1 y 3 requieren acceso al c\u00f3digo fuente porque estudiar y modificar software sin su c\u00f3digo fuente es muy poco viable.<\/th>\n<\/tr>\n<\/tbody>\n<\/table>\n<h2>.<\/h2>\n<h3><a href=\"http:\/\/www.fsld.org\/portal\/?page_id=244\">Ver discurso del Presidente Lula de Brasil sobre el Software Libre, Administraci\u00f3n publica y la Informaci\u00f3n en el F\u00f3rum Internacional Software Livre Brasil 2010.<\/a><\/h3>\n<h2>.<\/h2>\n<h2>GNU General Public License (GPL)<\/h2>\n<p>La Licencia P\u00fablica General de GNU o m\u00e1s conocida por su nombre en ingl\u00e9s GNU General Public License o simplemente sus siglas del ingl\u00e9s GNU GPL, es una licencia creada por la Free Software Foundation en 1989 (la primera versi\u00f3n), y est\u00e1 orientada principalmente a proteger la libre distribuci\u00f3n, modificaci\u00f3n y uso de software. Su prop\u00f3sito es declarar que el software cubierto por esta licencia es software libre y protegerlo de intentos de apropiaci\u00f3n que restrinjan esas libertades a los usuarios.<\/p>\n<h2>Mapa conceptual del Software Libre<\/h2>\n<p><a href=\"http:\/\/upload.wikimedia.org\/wikipedia\/commons\/thumb\/6\/61\/Mapa_conceptual_del_software_libre.svg\/800px-Mapa_conceptual_del_software_libre.svg.png\" target=\"_blank\"><img loading=\"lazy\" decoding=\"async\" class=\"alignnone\" title=\"Mapa conceptual Software Libre\" src=\"http:\/\/upload.wikimedia.org\/wikipedia\/commons\/thumb\/6\/61\/Mapa_conceptual_del_software_libre.svg\/800px-Mapa_conceptual_del_software_libre.svg.png\" alt=\"Mapa conceptual Software Libre\" width=\"514\" height=\"363\" \/><\/a><\/p>\n<h2>Enlaces:<\/h2>\n<p><a href=\"http:\/\/es.wikipedia.org\/wiki\/Software_libre\" target=\"_blank\">http:\/\/es.wikipedia.org\/wiki\/Software_libre<\/a><\/p>\n<p><a href=\"http:\/\/es.wikipedia.org\/wiki\/GNU_General_Public_License\" target=\"_blank\">http:\/\/es.wikipedia.org\/wiki\/GNU_General_Public_License<\/a><\/p>\n","protected":false},"excerpt":{"rendered":"<p>V\u00eddeos Explicativos: Que es el software libre? Software libre (o free software en ingles) no implica que un sistema es gratuito. Software Libre se refiere a la libertad de los usuarios para utilizar, copiar, distribuir, estudiar, adaptar y mejorar el software. De acuerdo con tal definici\u00f3n, un software es \u00ablibre\u00bb si garantiza las siguientes libertades: [&hellip;]<\/p>\n","protected":false},"author":1,"featured_media":0,"parent":0,"menu_order":8,"comment_status":"closed","ping_status":"open","template":"","meta":{"footnotes":""},"class_list":["post-61","page","type-page","status-publish","hentry"],"_links":{"self":[{"href":"https:\/\/fsld.org\/portal\/index.php?rest_route=\/wp\/v2\/pages\/61","targetHints":{"allow":["GET"]}}],"collection":[{"href":"https:\/\/fsld.org\/portal\/index.php?rest_route=\/wp\/v2\/pages"}],"about":[{"href":"https:\/\/fsld.org\/portal\/index.php?rest_route=\/wp\/v2\/types\/page"}],"author":[{"embeddable":true,"href":"https:\/\/fsld.org\/portal\/index.php?rest_route=\/wp\/v2\/users\/1"}],"replies":[{"embeddable":true,"href":"https:\/\/fsld.org\/portal\/index.php?rest_route=%2Fwp%2Fv2%2Fcomments&post=61"}],"version-history":[{"count":36,"href":"https:\/\/fsld.org\/portal\/index.php?rest_route=\/wp\/v2\/pages\/61\/revisions"}],"predecessor-version":[{"id":301,"href":"https:\/\/fsld.org\/portal\/index.php?rest_route=\/wp\/v2\/pages\/61\/revisions\/301"}],"wp:attachment":[{"href":"https:\/\/fsld.org\/portal\/index.php?rest_route=%2Fwp%2Fv2%2Fmedia&parent=61"}],"curies":[{"name":"wp","href":"https:\/\/api.w.org\/{rel}","templated":true}]}}