{"id":46,"date":"2010-06-06T07:56:07","date_gmt":"2010-06-06T07:56:07","guid":{"rendered":"http:\/\/fsld.org\/portal\/?page_id=46"},"modified":"2020-07-16T16:06:10","modified_gmt":"2020-07-16T16:06:10","slug":"bienvenido","status":"publish","type":"page","link":"https:\/\/fsld.org\/portal\/","title":{"rendered":"Bienvenido!"},"content":{"rendered":"<p>Bienvenido a nuestro portal de internet donde puede encontrar informaci\u00f3n sobre nuestros proyectos. <strong><a href=\"?page_id=26\">Conoce nuestros proyectos!<\/a><\/strong><\/p>\n<p>La <strong>Fundaci\u00f3n SLD (Software Libre Dominicano) <\/strong>Es una entidad no gubernamental (ONG) constituida acorde a las leyes y r\u00e9gimen tributario de la Rep\u00fablica Dominicana. <strong><a href=\"?page_id=2\">Conoce mas de nuestra misi\u00f3n y objetivos!<\/a><\/strong><\/p>\n<p>El software Libre es la Opci\u00f3n legal a la pirater\u00eda<strong>.<\/strong><\/p>\n<p><strong><a href=\"?page_id=26\">An\u00edmese a conocer y patrocinar nuestros proyectos<\/a><\/strong>, apoye el progreso y contribuya a beneficiar miles de usuarios, puede hacerlo <strong><a href=\"?page_id=24\">realizando una donaci\u00f3n<\/a><\/strong>.<\/p>\n<p>El C\u00f3digo Tributario, puesto en vigencia por la <strong><a href=\"http:\/\/www.dgii.gov.do\/legislacion\/LeyesTributarias\/Documents\/ley11-92.pdf\" target=\"_blank\" rel=\"noopener\">Ley 11-92<\/a><\/strong>, permite deducir el cinco por ciento (5%) de la renta neta imponible para donaciones a instituciones del tercer sector, dedicadas a obras de bien social de naturaleza caritativa, religiosa, literaria, art\u00edstica, educacional o cient\u00edfica.<\/p>\n<p style=\"text-align: center;\">\n","protected":false},"excerpt":{"rendered":"<p>Bienvenido a nuestro portal de internet donde puede encontrar informaci\u00f3n sobre nuestros proyectos. Conoce nuestros proyectos! La Fundaci\u00f3n SLD (Software Libre Dominicano) Es una entidad no gubernamental (ONG) constituida acorde a las leyes y r\u00e9gimen tributario de la Rep\u00fablica Dominicana. Conoce mas de nuestra misi\u00f3n y objetivos! El software Libre es la Opci\u00f3n legal a [&hellip;]<\/p>\n","protected":false},"author":1,"featured_media":0,"parent":0,"menu_order":0,"comment_status":"closed","ping_status":"open","template":"","meta":{"footnotes":""},"class_list":["post-46","page","type-page","status-publish","hentry"],"_links":{"self":[{"href":"https:\/\/fsld.org\/portal\/index.php?rest_route=\/wp\/v2\/pages\/46","targetHints":{"allow":["GET"]}}],"collection":[{"href":"https:\/\/fsld.org\/portal\/index.php?rest_route=\/wp\/v2\/pages"}],"about":[{"href":"https:\/\/fsld.org\/portal\/index.php?rest_route=\/wp\/v2\/types\/page"}],"author":[{"embeddable":true,"href":"https:\/\/fsld.org\/portal\/index.php?rest_route=\/wp\/v2\/users\/1"}],"replies":[{"embeddable":true,"href":"https:\/\/fsld.org\/portal\/index.php?rest_route=%2Fwp%2Fv2%2Fcomments&post=46"}],"version-history":[{"count":52,"href":"https:\/\/fsld.org\/portal\/index.php?rest_route=\/wp\/v2\/pages\/46\/revisions"}],"predecessor-version":[{"id":303,"href":"https:\/\/fsld.org\/portal\/index.php?rest_route=\/wp\/v2\/pages\/46\/revisions\/303"}],"wp:attachment":[{"href":"https:\/\/fsld.org\/portal\/index.php?rest_route=%2Fwp%2Fv2%2Fmedia&parent=46"}],"curies":[{"name":"wp","href":"https:\/\/api.w.org\/{rel}","templated":true}]}}