{"id":401,"date":"2020-07-16T22:29:28","date_gmt":"2020-07-16T22:29:28","guid":{"rendered":"http:\/\/fsld.org\/portal\/?page_id=401"},"modified":"2020-07-17T14:12:19","modified_gmt":"2020-07-17T14:12:19","slug":"aula-virtual-plataforma-de-educacion-a-distancia","status":"publish","type":"page","link":"https:\/\/fsld.org\/portal\/?page_id=401","title":{"rendered":"Aula Virtual -Plataforma de educaci\u00f3n a distancia."},"content":{"rendered":"<h1><a href=\"#\">Aula Virtual -Plataforma de educaci\u00f3n a distancia.<\/a><\/h1>\n<p>Plataforma de reuni\u00f3n en l\u00ednea, ense\u00f1anza, tutor\u00eda y seminario web. Dise\u00f1ado para tutores, maestros, escuelas, colegios, universidades y distritos escolares enteros.<\/p>\n<p>Funciones primarias<\/p>\n<ul>\n<li><strong>Gestiona multiples salas de clase con configuraciones diferentes<\/strong><\/li>\n<li><strong>Grabaci\u00f3n y Reproducci\u00f3n<\/strong><br \/>\nPuede grabar sus sesiones para su posterior reproducci\u00f3n por parte de los alumnos<\/li>\n<li><strong>Pizarron<\/strong><br \/>\nLos controles de la pizarra le permiten anotar partes clave de su presentaci\u00f3n.<\/li>\n<li><strong>Pizarron multi usuario<\/strong><br \/>\nPermite a los asistentes utilizar el pizarron colectivamente<\/li>\n<li><strong>Compartir escritorio<\/strong><br \/>\nPuede transmitir su escritorio para que lo vean todos los usuarios<\/li>\n<li><strong>Audio, Video, Camara web<\/strong><br \/>\nPermite compartir la webcam o microfono a todos los asistentes controlados por el moderador de la sala<\/li>\n<li><strong>Presentacion<\/strong><br \/>\nPuede cargar cualquier presentaci\u00f3n en PDF o documento de MS Office.\u00a0BigBlueButton mantiene a todos sincronizados con su diapositiva actual, zoom, panor\u00e1mica, anotaciones y puntero del mouse<\/li>\n<li><strong>Completamente basado en la web<\/strong><br \/>\nSoluci\u00f3n completamente en l\u00ednea. No hay nada para descargar. Funciona con Linux, Mac, Windows, Android e iOS.<\/li>\n<li><strong>Charla<\/strong><br \/>\nPuedes chatear con todos en la clase o tener una conversaci\u00f3n privada con el profesor.<\/li>\n<li><strong>VoIP integrado<\/strong><br \/>\nAdmite conferencias de voz sobre IP (VOIP). Sus participantes pueden marcar usando sus tel\u00e9fonos y escuchar su conferencia.<\/li>\n<\/ul>\n<p>Las aulas virtuales son una nueva modalidad educativa que se desarrolla de manera complementaria o independiente a las formas tradicionales de educaci\u00f3n, y que surge a partir de la incorporaci\u00f3n de las tecnolog\u00edas de informaci\u00f3n y comunicaci\u00f3n (TIC), en los procesos de ense\u00f1anza-aprendizaje. En este espacio llamado aula virtual se realizan distintas formas de trabajo colaborativo configurando un escenario de ense\u00f1anza a trav\u00e9s de los recursos de la web.<\/p>\n<h3>Capturas de pantalla<\/h3>\n<p><a href=\"http:\/\/fsld.org\/portal\/wp-content\/uploads\/2020\/07\/stsm1.jpg\"><img loading=\"lazy\" decoding=\"async\" class=\"alignnone wp-image-421 size-medium\" src=\"http:\/\/fsld.org\/portal\/wp-content\/uploads\/2020\/07\/stsm1-300x126.jpg\" alt=\"\" width=\"300\" height=\"126\" srcset=\"https:\/\/fsld.org\/portal\/wp-content\/uploads\/2020\/07\/stsm1-300x126.jpg 300w, https:\/\/fsld.org\/portal\/wp-content\/uploads\/2020\/07\/stsm1-768x323.jpg 768w, https:\/\/fsld.org\/portal\/wp-content\/uploads\/2020\/07\/stsm1.jpg 1000w\" sizes=\"auto, (max-width: 300px) 100vw, 300px\" \/><\/a><\/p>\n<p><a href=\"http:\/\/fsld.org\/portal\/wp-content\/uploads\/2020\/07\/stsm2.jpg\"><img loading=\"lazy\" decoding=\"async\" class=\"alignnone wp-image-422 size-medium\" src=\"http:\/\/fsld.org\/portal\/wp-content\/uploads\/2020\/07\/stsm2-300x169.jpg\" alt=\"\" width=\"300\" height=\"169\" srcset=\"https:\/\/fsld.org\/portal\/wp-content\/uploads\/2020\/07\/stsm2-300x169.jpg 300w, https:\/\/fsld.org\/portal\/wp-content\/uploads\/2020\/07\/stsm2-768x432.jpg 768w, https:\/\/fsld.org\/portal\/wp-content\/uploads\/2020\/07\/stsm2.jpg 1000w\" sizes=\"auto, (max-width: 300px) 100vw, 300px\" \/><\/a><\/p>\n<p><a href=\"http:\/\/fsld.org\/portal\/wp-content\/uploads\/2020\/07\/stsm3.jpg\"><img loading=\"lazy\" decoding=\"async\" class=\"alignnone size-medium wp-image-423\" src=\"http:\/\/fsld.org\/portal\/wp-content\/uploads\/2020\/07\/stsm3-300x169.jpg\" alt=\"\" width=\"300\" height=\"169\" srcset=\"https:\/\/fsld.org\/portal\/wp-content\/uploads\/2020\/07\/stsm3-300x169.jpg 300w, https:\/\/fsld.org\/portal\/wp-content\/uploads\/2020\/07\/stsm3-768x432.jpg 768w, https:\/\/fsld.org\/portal\/wp-content\/uploads\/2020\/07\/stsm3.jpg 1000w\" sizes=\"auto, (max-width: 300px) 100vw, 300px\" \/><\/a><\/p>\n","protected":false},"excerpt":{"rendered":"<p>Aula Virtual -Plataforma de educaci\u00f3n a distancia. Plataforma de reuni\u00f3n en l\u00ednea, ense\u00f1anza, tutor\u00eda y seminario web. Dise\u00f1ado para tutores, maestros, escuelas, colegios, universidades y distritos escolares enteros. Funciones primarias Gestiona multiples salas de clase con configuraciones diferentes Grabaci\u00f3n y Reproducci\u00f3n Puede grabar sus sesiones para su posterior reproducci\u00f3n por parte de los alumnos Pizarron [&hellip;]<\/p>\n","protected":false},"author":1,"featured_media":0,"parent":0,"menu_order":0,"comment_status":"closed","ping_status":"closed","template":"","meta":{"footnotes":""},"class_list":["post-401","page","type-page","status-publish","hentry"],"_links":{"self":[{"href":"https:\/\/fsld.org\/portal\/index.php?rest_route=\/wp\/v2\/pages\/401","targetHints":{"allow":["GET"]}}],"collection":[{"href":"https:\/\/fsld.org\/portal\/index.php?rest_route=\/wp\/v2\/pages"}],"about":[{"href":"https:\/\/fsld.org\/portal\/index.php?rest_route=\/wp\/v2\/types\/page"}],"author":[{"embeddable":true,"href":"https:\/\/fsld.org\/portal\/index.php?rest_route=\/wp\/v2\/users\/1"}],"replies":[{"embeddable":true,"href":"https:\/\/fsld.org\/portal\/index.php?rest_route=%2Fwp%2Fv2%2Fcomments&post=401"}],"version-history":[{"count":17,"href":"https:\/\/fsld.org\/portal\/index.php?rest_route=\/wp\/v2\/pages\/401\/revisions"}],"predecessor-version":[{"id":440,"href":"https:\/\/fsld.org\/portal\/index.php?rest_route=\/wp\/v2\/pages\/401\/revisions\/440"}],"wp:attachment":[{"href":"https:\/\/fsld.org\/portal\/index.php?rest_route=%2Fwp%2Fv2%2Fmedia&parent=401"}],"curies":[{"name":"wp","href":"https:\/\/api.w.org\/{rel}","templated":true}]}}