{"id":24,"date":"2010-06-05T16:26:10","date_gmt":"2010-06-05T16:26:10","guid":{"rendered":"http:\/\/fsld.org\/portal\/?page_id=24"},"modified":"2014-05-27T12:52:53","modified_gmt":"2014-05-27T12:52:53","slug":"donaciones-deducibles-de-impuestos","status":"publish","type":"page","link":"https:\/\/fsld.org\/portal\/?page_id=24","title":{"rendered":"Donaciones"},"content":{"rendered":"<p>Existen varias maneras de enviar su contribuci\u00f3n a la Fundaci\u00f3n SLD. Todas sus donaciones monetarias son deducibles de Impuestos en Rep\u00fablica Dominicana.<\/p>\n<h2>Donaci\u00f3n v\u00eda tarjeta de cr\u00e9dito \/ PayPal:<\/h2>\n<p>Haga click en el siguiente bot\u00f3n para realizar su donaci\u00f3n.<\/p>\n<form action=\"https:\/\/www.paypal.com\/cgi-bin\/webscr\" method=\"post\"><input name=\"cmd\" type=\"hidden\" value=\"_donations\" \/> <input name=\"business\" type=\"hidden\" value=\"5WHM6KWQ9THH2\" \/> <input name=\"lc\" type=\"hidden\" value=\"US\" \/> <input name=\"item_name\" type=\"hidden\" value=\"Fundacion SLD (Software Libre Dominicano)\" \/> <input name=\"item_number\" type=\"hidden\" value=\"8677\" \/> <input name=\"currency_code\" type=\"hidden\" value=\"USD\" \/> <input name=\"bn\" type=\"hidden\" value=\"PP-DonationsBF:btn_donateCC_LG.gif:NonHosted\" \/> <input alt=\"PayPal. La forma r\u00e1pida y segura de pagar en Internet.\" name=\"submit\" src=\"https:\/\/www.paypal.com\/es_XC\/i\/btn\/btn_donateCC_LG.gif\" type=\"image\" \/> <img loading=\"lazy\" decoding=\"async\" src=\"https:\/\/www.paypal.com\/es_XC\/i\/scr\/pixel.gif\" alt=\"\" width=\"1\" height=\"1\" border=\"0\" \/><\/form>\n<p>Gracias por colaborar!<\/p>\n","protected":false},"excerpt":{"rendered":"<p>Existen varias maneras de enviar su contribuci\u00f3n a la Fundaci\u00f3n SLD. Todas sus donaciones monetarias son deducibles de Impuestos en Rep\u00fablica Dominicana. Donaci\u00f3n v\u00eda tarjeta de cr\u00e9dito \/ PayPal: Haga click en el siguiente bot\u00f3n para realizar su donaci\u00f3n. Gracias por colaborar!<\/p>\n","protected":false},"author":1,"featured_media":0,"parent":0,"menu_order":3,"comment_status":"closed","ping_status":"open","template":"","meta":{"footnotes":""},"class_list":["post-24","page","type-page","status-publish","hentry"],"_links":{"self":[{"href":"https:\/\/fsld.org\/portal\/index.php?rest_route=\/wp\/v2\/pages\/24","targetHints":{"allow":["GET"]}}],"collection":[{"href":"https:\/\/fsld.org\/portal\/index.php?rest_route=\/wp\/v2\/pages"}],"about":[{"href":"https:\/\/fsld.org\/portal\/index.php?rest_route=\/wp\/v2\/types\/page"}],"author":[{"embeddable":true,"href":"https:\/\/fsld.org\/portal\/index.php?rest_route=\/wp\/v2\/users\/1"}],"replies":[{"embeddable":true,"href":"https:\/\/fsld.org\/portal\/index.php?rest_route=%2Fwp%2Fv2%2Fcomments&post=24"}],"version-history":[{"count":36,"href":"https:\/\/fsld.org\/portal\/index.php?rest_route=\/wp\/v2\/pages\/24\/revisions"}],"predecessor-version":[{"id":240,"href":"https:\/\/fsld.org\/portal\/index.php?rest_route=\/wp\/v2\/pages\/24\/revisions\/240"}],"wp:attachment":[{"href":"https:\/\/fsld.org\/portal\/index.php?rest_route=%2Fwp%2Fv2%2Fmedia&parent=24"}],"curies":[{"name":"wp","href":"https:\/\/api.w.org\/{rel}","templated":true}]}}