{"id":2,"date":"2010-06-05T14:28:29","date_gmt":"2010-06-05T14:28:29","guid":{"rendered":"http:\/\/fsld.org\/portal\/?page_id=2"},"modified":"2010-06-21T08:56:34","modified_gmt":"2010-06-21T08:56:34","slug":"acerca-de","status":"publish","type":"page","link":"https:\/\/fsld.org\/portal\/?page_id=2","title":{"rendered":"Acerca de"},"content":{"rendered":"<h2>Misi\u00f3n.<\/h2>\n<p>&#8211; Financiar todo tipo de proyectos que puedan fortalecer, directa o indirectamente, el desarrollo de software libre de calidad en la Rep\u00fablica Dominicana.<\/p>\n<h2>Objetivos.<\/h2>\n<p>&#8211; Los objetivos de la Asociaci\u00f3n son los siguientes, aunque la presente enumeraci\u00f3n no puede considerarse limitativa:<\/p>\n<p>1. Obtener fondos en numerario y en naturaleza a trav\u00e9s de donaciones, rifas, eventos, compra y venta de bienes y servicios, para dedicarlos al fin de la Asociaci\u00f3n.<\/p>\n<p>2. Financiar el desarrollo de diversos proyectos que incentiven el uso del software libre en la Rep\u00fablica Dominicana.<\/p>\n<p>3. Crear portales de internet, financiados por la Asociaci\u00f3n que faciliten el manejo y f\u00e1cil acceso a la informaci\u00f3n individual de cada usuario.<\/p>\n<p>4. Desarrollar todo tipo de aplicaciones de internet que ser\u00e1n compartidas de manera gratuita con todos los miembros y desarrolladores de software.<\/p>\n<p>5. Proveer c\u00f3digos fuentes de todas las aplicaciones desarrolladas. Administrar fondos obtenidos de asociaciones asociadas para asegurar que dichos fondos se distribuyen de la manera deseada por las asociaciones asociadas y de acuerdo a la misi\u00f3n de la presente Asociaci\u00f3n.<\/p>\n<p>6. Coordinar acciones, seminarios, cursos de capacitaci\u00f3n y eventos para miembros , desarrolladores y el p\u00fablico en general.<\/p>\n<p>7. Estimular la confianza de la poblaci\u00f3n dominicana en el uso, necesidad y manejo de software libre y sus aplicaciones.<\/p>\n<p>8. Promover las relaciones con instituciones gubernamentales, no gubernamentales, organismos institucionales y de gobiernos extranjeros con objetivos comunes a los de la Asociaci\u00f3n.<\/p>\n<p>9. De manera general, realizar cualquier otra actividad con fines similares a los establecidos en estos Estatutos, ya que la enumeraci\u00f3n del presente art\u00edculo no es limitativa, quedando entendido, sin embargo, que la Asociaci\u00f3n no podr\u00e1 realizar ninguna actividad que contradiga su car\u00e1cter de asociaci\u00f3n sin fines lucrativos.<\/p>\n<p>10. Dictar los reglamentos internos que fueren necesarios para complementar los presentes Estatutos.<\/p>\n<p>11. Cooperar en la defensa de los intereses de sus asociados y ejercer las funciones necesarias para el buen cumplimiento de su misi\u00f3n.<\/p>\n","protected":false},"excerpt":{"rendered":"<p>Misi\u00f3n. &#8211; Financiar todo tipo de proyectos que puedan fortalecer, directa o indirectamente, el desarrollo de software libre de calidad en la Rep\u00fablica Dominicana. Objetivos. &#8211; Los objetivos de la Asociaci\u00f3n son los siguientes, aunque la presente enumeraci\u00f3n no puede considerarse limitativa: 1. Obtener fondos en numerario y en naturaleza a trav\u00e9s de donaciones, rifas, [&hellip;]<\/p>\n","protected":false},"author":1,"featured_media":0,"parent":0,"menu_order":1,"comment_status":"closed","ping_status":"open","template":"","meta":{"footnotes":""},"class_list":["post-2","page","type-page","status-publish","hentry"],"_links":{"self":[{"href":"https:\/\/fsld.org\/portal\/index.php?rest_route=\/wp\/v2\/pages\/2","targetHints":{"allow":["GET"]}}],"collection":[{"href":"https:\/\/fsld.org\/portal\/index.php?rest_route=\/wp\/v2\/pages"}],"about":[{"href":"https:\/\/fsld.org\/portal\/index.php?rest_route=\/wp\/v2\/types\/page"}],"author":[{"embeddable":true,"href":"https:\/\/fsld.org\/portal\/index.php?rest_route=\/wp\/v2\/users\/1"}],"replies":[{"embeddable":true,"href":"https:\/\/fsld.org\/portal\/index.php?rest_route=%2Fwp%2Fv2%2Fcomments&post=2"}],"version-history":[{"count":5,"href":"https:\/\/fsld.org\/portal\/index.php?rest_route=\/wp\/v2\/pages\/2\/revisions"}],"predecessor-version":[{"id":130,"href":"https:\/\/fsld.org\/portal\/index.php?rest_route=\/wp\/v2\/pages\/2\/revisions\/130"}],"wp:attachment":[{"href":"https:\/\/fsld.org\/portal\/index.php?rest_route=%2Fwp%2Fv2%2Fmedia&parent=2"}],"curies":[{"name":"wp","href":"https:\/\/api.w.org\/{rel}","templated":true}]}}